{"id":104525,"date":"2023-06-26T10:24:45","date_gmt":"2023-06-26T08:24:45","guid":{"rendered":"https:\/\/nearshoringtopoland.ch\/?page_id=104525"},"modified":"2023-09-25T20:25:34","modified_gmt":"2023-09-25T18:25:34","slug":"privacy-policy","status":"publish","type":"page","link":"https:\/\/nearshoringtopoland.ch\/de\/privacy-policy\/","title":{"rendered":"Privacy Policy"},"content":{"rendered":"<section class=\"wpb-content-wrapper\"><p>[vc_row][vc_column column_width_percent=&#8220;100&#8243; gutter_size=&#8220;3&#8243; override_padding=&#8220;yes&#8220; column_padding=&#8220;3&#8243; overlay_alpha=&#8220;50&#8243; shift_x=&#8220;0&#8243; shift_y=&#8220;0&#8243; shift_y_down=&#8220;0&#8243; z_index=&#8220;0&#8243; medium_width=&#8220;0&#8243; mobile_width=&#8220;0&#8243; width=&#8220;1\/1&#8243; uncode_shortcode_id=&#8220;175982&#8243;][vc_custom_heading text_size=&#8220;h1&#8243; uncode_shortcode_id=&#8220;589646&#8243;]Datenschutzrichtlinien[\/vc_custom_heading][vc_column_text uncode_shortcode_id=&#8220;169530&#8243;]<\/p>\n<ol>\n<li>Diese Website ist Eigentum von CEE Business Media Europe O\u00dc und ITELENCE Sp. z o.o.<\/li>\n<li>Sie erkennen an, dass CEE Business Media Europe O\u00dc und ITELENCE z o.o. Eigent\u00fcmer aller Eigentums- und Urheberrechte an den auf dieser Website bereitgestellten Inhalten besitzt.<\/li>\n<li>Sie verpflichten sich, die Website nicht zu nutzen, um urheberrechtlich gesch\u00fctztes Material ohne ausdr\u00fcckliche schriftliche Genehmigung von CEE Business Media Europe O\u00dc und ITELENCE z o.o. in irgendeinem Medium oder auf irgendeine Weise zu vervielf\u00e4ltigen, zu \u00fcbertragen, darzustellen oder zu verbreiten sowie den auf dieser Website bereitgestellten Inhalt zu kopieren, zu speichern, zu bearbeiten, zu \u00e4ndern, zu bearbeiten oder auf irgendeine Weise zu ver\u00e4ndern.<\/li>\n<li>Sie verpflichten sich, genaue Account-Informationen anzugeben. Wir behalten uns das Recht vor, bestimmte Informationsbereiche auf dieser Website auf unsere zugelassenen registrierten Benutzer zu beschr\u00e4nken. F\u00fcr den Fall, dass Sie sich in einem Bereich der Website registrieren m\u00fcssen, bevor wir Ihnen Zugang zu diesen Bereichen gew\u00e4hren, verpflichten Sie sich, wahrheitsgem\u00e4\u00dfe Angaben zu machen, einschlie\u00dflich, aber nicht beschr\u00e4nkt auf Ihren Namen, den Namen des Unternehmens, Ihre Telefonnummer und eine g\u00fcltige E-Mail-Adresse. Durch die Nutzung der Website erkl\u00e4ren Sie sich damit einverstanden, dass CEE Business Media Europe O\u00dc und ITELENCE Sp. z o.o. Ihre Informationen verwenden d\u00fcrfen.<\/li>\n<li>Sie erkennen an, dass die \u00dcbermittlung von Informationen an uns auf Ihr eigenes Risiko erfolgt. CEE Business Media Europe O\u00dc und ITELENCE z o.o. \u00fcbernehmen Ihnen gegen\u00fcber keine Haftung f\u00fcr Verluste oder Sch\u00e4den, die in irgendeiner Weise mit solchen Informationen zusammenh\u00e4ngen.<\/li>\n<li>Diese Website verwendet Cookies, die auf Ihrem Computer gespeichert werden und grundlegende Informationen wie Ihre IP-Adresse, Browser-Software, Besuchszeiten und besuchte Inhalte enthalten.<\/li>\n<li>Wir k\u00f6nnen alle \u00fcber diese Website erfassten Daten, einschlie\u00dflich Ihrer pers\u00f6nlichen Daten, f\u00fcr Marketing- und allgemeine Informationszwecke verwenden, um Ihnen Werbematerial und Informationen zuzusenden und Sie \u00fcber Veranstaltungen zu informieren. Sollten Sie zu irgendeinem Zeitpunkt w\u00fcnschen, solche Informationen nicht mehr zu erhalten, kontaktieren Sie uns bitte unter: <a href=\"mailto:contact@itelence.com\">contact@itelence.com<\/a><\/li>\n<li>Warenzeichen und Warenzeichen Dritter. Die folgenden Marken sind eingetragene Warenzeichen oder Warenzeichen von CEE Business Media Europe O\u00dc und ITELENCE Sp. z o.o. Alle Logos, Warenzeichen, Dienstleistungsmarken und Grafiken werden in Verbindung mit der Bereitstellung von Produkten und Dienstleistungen durch CEE Business Media Europe O\u00dc und ITELENCE verwendet. Die Website kann Warenzeichen, Dienstleistungsmarken, Grafiken und Logos Dritter enthalten. Es werden Ihnen keine Rechte oder Lizenzen in Bezug auf die Marken von CEE Business Media Europe O\u00dc und ITELENCE Sp. z o.o. oder die Marken von Dritten gew\u00e4hrt.<\/li>\n<li>Weder CEE Business Media Europe O\u00dc und ITELENCE Sp. z o.o. noch irgendeine damit verbundene Person gibt eine Garantie oder Gew\u00e4hrleistung daf\u00fcr, dass die Nutzung oder die Ergebnisse der Nutzung der Website (einschlie\u00dflich ihres gesamten Inhalts) genau, zuverl\u00e4ssig, aktuell, ununterbrochen oder fehlerfrei ist oder sein wird. Ohne vorherige Ank\u00fcndigung k\u00f6nnen CEE Business Media Europe O\u00dc und ITELENCE Sp. z o.o. jeden Aspekt oder jede Funktion dieser Website oder Ihre Nutzung dieser Website \u00e4ndern, aussetzen oder einstellen. Wenn CEE Business Media Europe O\u00dc und ITELENCE Sp. z o.o. beschlie\u00dfen, die Website zu \u00e4ndern, auszusetzen oder einzustellen, sind sie weder Ihnen noch Dritten gegen\u00fcber haftbar.<\/li>\n<li>Der Veranstalter beh\u00e4lt sich das Recht vor, die Registrierung eines Teilnehmers zu stornieren. Unter keinen Umst\u00e4nden haften die Veranstalter f\u00fcr Verluste (einschlie\u00dflich Folgesch\u00e4den) oder Sch\u00e4den, die dem Teilnehmer durch eine solche Stornierung entstehen, unabh\u00e4ngig von der Ursache.<\/li>\n<li>CEE Business Media Europe O\u00dc und ITELENCE Sp. z o.o. oder ihre Gesch\u00e4ftspartner k\u00f6nnen auf oder \u00fcber die Website Anzeigen oder Werbematerialien pr\u00e4sentieren. Ihre Gesch\u00e4fte mit oder Ihre Teilnahme an Werbeaktionen von Drittanbietern auf oder \u00fcber die Website erfolgen ausschlie\u00dflich zwischen Ihnen und dem betreffenden Drittanbieter, und Ihre Teilnahme unterliegt den mit der jeweiligen Anzeige oder Werbeaktion verbundenen Bedingungen und Konditionen. Sie erkl\u00e4ren sich damit einverstanden, dass CEE Business Media Europe O\u00dc und ITELENCE Sp. z o.o. nicht f\u00fcr Verluste oder Sch\u00e4den jeglicher Art verantwortlich oder haftbar sind, die sich aus solchen Gesch\u00e4ften oder aus dem Vorhandensein solcher Materialien Dritter auf der Website ergeben.<\/li>\n<\/ol>\n<p style=\"font-weight: 400;\">Wenn Sie Fragen zu diesen Datenschutzrichtlinien haben, wenden Sie sich bitte an uns unter: <a href=\"mailto:contact@itelence.com\">contact@itelence.com<\/a><\/p>\n<p>[\/vc_column_text][\/vc_column][\/vc_row]<\/p>\n<\/section>","protected":false},"excerpt":{"rendered":"<p>[vc_row][vc_column column_width_percent=&#8220;100&#8243; gutter_size=&#8220;3&#8243; override_padding=&#8220;yes&#8220; column_padding=&#8220;3&#8243; overlay_alpha=&#8220;50&#8243; shift_x=&#8220;0&#8243; shift_y=&#8220;0&#8243; shift_y_down=&#8220;0&#8243; z_index=&#8220;0&#8243; medium_width=&#8220;0&#8243; mobile_width=&#8220;0&#8243; width=&#8220;1\/1&#8243; uncode_shortcode_id=&#8220;175982&#8243;][vc_custom_heading text_size=&#8220;h1&#8243; uncode_shortcode_id=&#8220;589646&#8243;]Datenschutzrichtlinien[\/vc_custom_heading][vc_column_text uncode_shortcode_id=&#8220;169530&#8243;] Diese Website ist [&hellip;]<\/p>\n","protected":false},"author":2,"featured_media":0,"parent":0,"menu_order":0,"comment_status":"closed","ping_status":"closed","template":"","meta":[],"yoast_head":"<!-- This site is optimized with the Yoast SEO plugin v20.10 - https:\/\/yoast.com\/wordpress\/plugins\/seo\/ -->\n<title>Privacy Policy - Swiss Nearshoring<\/title>\n<meta name=\"robots\" content=\"index, follow, max-snippet:-1, max-image-preview:large, max-video-preview:-1\" \/>\n<link rel=\"canonical\" href=\"https:\/\/nearshoringtopoland.ch\/de\/privacy-policy\/\" \/>\n<meta property=\"og:locale\" content=\"de_DE\" \/>\n<meta property=\"og:type\" content=\"article\" \/>\n<meta property=\"og:title\" content=\"Privacy Policy - Swiss Nearshoring\" \/>\n<meta property=\"og:description\" content=\"[vc_row][vc_column column_width_percent=&#8220;100&#8243; gutter_size=&#8220;3&#8243; override_padding=&#8220;yes&#8220; column_padding=&#8220;3&#8243; overlay_alpha=&#8220;50&#8243; shift_x=&#8220;0&#8243; shift_y=&#8220;0&#8243; shift_y_down=&#8220;0&#8243; z_index=&#8220;0&#8243; medium_width=&#8220;0&#8243; mobile_width=&#8220;0&#8243; width=&#8220;1\/1&#8243; uncode_shortcode_id=&#8220;175982&#8243;][vc_custom_heading text_size=&#8220;h1&#8243; uncode_shortcode_id=&#8220;589646&#8243;]Datenschutzrichtlinien[\/vc_custom_heading][vc_column_text uncode_shortcode_id=&#8220;169530&#8243;] Diese Website ist [&hellip;]\" \/>\n<meta property=\"og:url\" content=\"https:\/\/nearshoringtopoland.ch\/de\/privacy-policy\/\" \/>\n<meta property=\"og:site_name\" content=\"Swiss Nearshoring\" \/>\n<meta property=\"article:modified_time\" content=\"2023-09-25T18:25:34+00:00\" \/>\n<meta name=\"twitter:card\" content=\"summary_large_image\" \/>\n<meta name=\"twitter:label1\" content=\"Gesch\u00e4tzte Lesezeit\" \/>\n\t<meta name=\"twitter:data1\" content=\"3\u00a0Minuten\" \/>\n<script type=\"application\/ld+json\" class=\"yoast-schema-graph\">{\"@context\":\"https:\/\/schema.org\",\"@graph\":[{\"@type\":\"WebPage\",\"@id\":\"https:\/\/nearshoringtopoland.ch\/de\/privacy-policy\/\",\"url\":\"https:\/\/nearshoringtopoland.ch\/de\/privacy-policy\/\",\"name\":\"Privacy Policy - Swiss Nearshoring\",\"isPartOf\":{\"@id\":\"https:\/\/nearshoringtopoland.ch\/de\/#website\"},\"datePublished\":\"2023-06-26T08:24:45+00:00\",\"dateModified\":\"2023-09-25T18:25:34+00:00\",\"breadcrumb\":{\"@id\":\"https:\/\/nearshoringtopoland.ch\/de\/privacy-policy\/#breadcrumb\"},\"inLanguage\":\"de\",\"potentialAction\":[{\"@type\":\"ReadAction\",\"target\":[\"https:\/\/nearshoringtopoland.ch\/de\/privacy-policy\/\"]}]},{\"@type\":\"BreadcrumbList\",\"@id\":\"https:\/\/nearshoringtopoland.ch\/de\/privacy-policy\/#breadcrumb\",\"itemListElement\":[{\"@type\":\"ListItem\",\"position\":1,\"name\":\"Strona g\u0142\u00f3wna\",\"item\":\"https:\/\/nearshoringtopoland.ch\/de\/swiss-nearshoring-2\/\"},{\"@type\":\"ListItem\",\"position\":2,\"name\":\"Privacy Policy\"}]},{\"@type\":\"WebSite\",\"@id\":\"https:\/\/nearshoringtopoland.ch\/de\/#website\",\"url\":\"https:\/\/nearshoringtopoland.ch\/de\/\",\"name\":\"Swiss Nearshoring\",\"description\":\"Swiss Nearshoring\",\"potentialAction\":[{\"@type\":\"SearchAction\",\"target\":{\"@type\":\"EntryPoint\",\"urlTemplate\":\"https:\/\/nearshoringtopoland.ch\/de\/?s={search_term_string}\"},\"query-input\":\"required name=search_term_string\"}],\"inLanguage\":\"de\"}]}<\/script>\n<!-- \/ Yoast SEO plugin. -->","yoast_head_json":{"title":"Privacy Policy - Swiss Nearshoring","robots":{"index":"index","follow":"follow","max-snippet":"max-snippet:-1","max-image-preview":"max-image-preview:large","max-video-preview":"max-video-preview:-1"},"canonical":"https:\/\/nearshoringtopoland.ch\/de\/privacy-policy\/","og_locale":"de_DE","og_type":"article","og_title":"Privacy Policy - Swiss Nearshoring","og_description":"[vc_row][vc_column column_width_percent=&#8220;100&#8243; gutter_size=&#8220;3&#8243; override_padding=&#8220;yes&#8220; column_padding=&#8220;3&#8243; overlay_alpha=&#8220;50&#8243; shift_x=&#8220;0&#8243; shift_y=&#8220;0&#8243; shift_y_down=&#8220;0&#8243; z_index=&#8220;0&#8243; medium_width=&#8220;0&#8243; mobile_width=&#8220;0&#8243; width=&#8220;1\/1&#8243; uncode_shortcode_id=&#8220;175982&#8243;][vc_custom_heading text_size=&#8220;h1&#8243; uncode_shortcode_id=&#8220;589646&#8243;]Datenschutzrichtlinien[\/vc_custom_heading][vc_column_text uncode_shortcode_id=&#8220;169530&#8243;] Diese Website ist [&hellip;]","og_url":"https:\/\/nearshoringtopoland.ch\/de\/privacy-policy\/","og_site_name":"Swiss Nearshoring","article_modified_time":"2023-09-25T18:25:34+00:00","twitter_card":"summary_large_image","twitter_misc":{"Gesch\u00e4tzte Lesezeit":"3\u00a0Minuten"},"schema":{"@context":"https:\/\/schema.org","@graph":[{"@type":"WebPage","@id":"https:\/\/nearshoringtopoland.ch\/de\/privacy-policy\/","url":"https:\/\/nearshoringtopoland.ch\/de\/privacy-policy\/","name":"Privacy Policy - Swiss Nearshoring","isPartOf":{"@id":"https:\/\/nearshoringtopoland.ch\/de\/#website"},"datePublished":"2023-06-26T08:24:45+00:00","dateModified":"2023-09-25T18:25:34+00:00","breadcrumb":{"@id":"https:\/\/nearshoringtopoland.ch\/de\/privacy-policy\/#breadcrumb"},"inLanguage":"de","potentialAction":[{"@type":"ReadAction","target":["https:\/\/nearshoringtopoland.ch\/de\/privacy-policy\/"]}]},{"@type":"BreadcrumbList","@id":"https:\/\/nearshoringtopoland.ch\/de\/privacy-policy\/#breadcrumb","itemListElement":[{"@type":"ListItem","position":1,"name":"Strona g\u0142\u00f3wna","item":"https:\/\/nearshoringtopoland.ch\/de\/swiss-nearshoring-2\/"},{"@type":"ListItem","position":2,"name":"Privacy Policy"}]},{"@type":"WebSite","@id":"https:\/\/nearshoringtopoland.ch\/de\/#website","url":"https:\/\/nearshoringtopoland.ch\/de\/","name":"Swiss Nearshoring","description":"Swiss Nearshoring","potentialAction":[{"@type":"SearchAction","target":{"@type":"EntryPoint","urlTemplate":"https:\/\/nearshoringtopoland.ch\/de\/?s={search_term_string}"},"query-input":"required name=search_term_string"}],"inLanguage":"de"}]}},"_links":{"self":[{"href":"https:\/\/nearshoringtopoland.ch\/de\/wp-json\/wp\/v2\/pages\/104525"}],"collection":[{"href":"https:\/\/nearshoringtopoland.ch\/de\/wp-json\/wp\/v2\/pages"}],"about":[{"href":"https:\/\/nearshoringtopoland.ch\/de\/wp-json\/wp\/v2\/types\/page"}],"author":[{"embeddable":true,"href":"https:\/\/nearshoringtopoland.ch\/de\/wp-json\/wp\/v2\/users\/2"}],"replies":[{"embeddable":true,"href":"https:\/\/nearshoringtopoland.ch\/de\/wp-json\/wp\/v2\/comments?post=104525"}],"version-history":[{"count":4,"href":"https:\/\/nearshoringtopoland.ch\/de\/wp-json\/wp\/v2\/pages\/104525\/revisions"}],"predecessor-version":[{"id":104552,"href":"https:\/\/nearshoringtopoland.ch\/de\/wp-json\/wp\/v2\/pages\/104525\/revisions\/104552"}],"wp:attachment":[{"href":"https:\/\/nearshoringtopoland.ch\/de\/wp-json\/wp\/v2\/media?parent=104525"}],"curies":[{"name":"wp","href":"https:\/\/api.w.org\/{rel}","templated":true}]}}